{"id":2432,"date":"2026-02-04T17:25:47","date_gmt":"2026-02-04T17:25:47","guid":{"rendered":"https:\/\/www.technofounders.com\/?page_id=2432"},"modified":"2026-02-23T10:27:09","modified_gmt":"2026-02-23T10:27:09","slug":"signup-2","status":"publish","type":"page","link":"https:\/\/www.technofounders.com\/fr\/signup-2\/","title":{"rendered":"signup"},"content":{"rendered":"<div data-elementor-type=\"wp-page\" data-elementor-id=\"2432\" class=\"elementor elementor-2432\" data-elementor-post-type=\"page\">\n\t\t\t\t<div class=\"elementor-element elementor-element-311f621 e-con-full e-flex e-con e-parent\" data-id=\"311f621\" data-element_type=\"container\" data-e-type=\"container\">\n\t\t<div class=\"elementor-element elementor-element-df4122e e-con-full e-flex e-con e-child\" data-id=\"df4122e\" data-element_type=\"container\" data-e-type=\"container\" data-settings=\"{&quot;background_background&quot;:&quot;classic&quot;}\">\n\t\t<div class=\"elementor-element elementor-element-c5fef62 e-con-full e-flex e-con e-child\" data-id=\"c5fef62\" data-element_type=\"container\" data-e-type=\"container\">\n\t\t\t\t<div class=\"elementor-element elementor-element-73e7067 elementor-widget elementor-widget-heading\" data-id=\"73e7067\" data-element_type=\"widget\" data-e-type=\"widget\" data-widget_type=\"heading.default\">\n\t\t\t\t<div class=\"elementor-widget-container\">\n\t\t\t\t\t<h1 class=\"elementor-heading-title elementor-size-default\">Request <\/h1>\t\t\t\t<\/div>\n\t\t\t\t<\/div>\n\t\t\t\t<div class=\"elementor-element elementor-element-1c8d531 elementor-widget elementor-widget-heading\" data-id=\"1c8d531\" data-element_type=\"widget\" data-e-type=\"widget\" data-widget_type=\"heading.default\">\n\t\t\t\t<div class=\"elementor-widget-container\">\n\t\t\t\t\t<h1 class=\"elementor-heading-title elementor-size-default\">Access<\/h1>\t\t\t\t<\/div>\n\t\t\t\t<\/div>\n\t\t\t\t<\/div>\n\t\t<div class=\"elementor-element elementor-element-8d55b36 e-con-full e-flex e-con e-child\" data-id=\"8d55b36\" data-element_type=\"container\" data-e-type=\"container\">\n\t\t\t\t<div class=\"elementor-element elementor-element-a02fd0d elementor-widget elementor-widget-text-editor\" data-id=\"a02fd0d\" data-element_type=\"widget\" data-e-type=\"widget\" data-widget_type=\"text-editor.default\">\n\t\t\t\t<div class=\"elementor-widget-container\">\n\t\t\t\t\t\t\t\t\t<p>You already have an account ? Please <a href=\"https:\/\/www.technofounders.com\/fr\/signin-2\/\">sign-in here<\/a>.<\/p>\t\t\t\t\t\t\t\t<\/div>\n\t\t\t\t<\/div>\n\t\t\t\t<div class=\"elementor-element elementor-element-3cddce9 elementor-widget elementor-widget-wpforms\" data-id=\"3cddce9\" data-element_type=\"widget\" data-e-type=\"widget\" data-widget_type=\"wpforms.default\">\n\t\t\t\t<div class=\"elementor-widget-container\">\n\t\t\t\t\t<style id=\"wpforms-css-vars-elementor-widget-3cddce9\">\n\t\t\t\t.elementor-widget-wpforms.elementor-element-3cddce9 {\n\t\t\t\t--wpforms-button-background-color: #252525;\n\t\t\t}\n\t\t\t<\/style><div class=\"wpforms-container wpforms-container-full wpforms-render-modern\" id=\"wpforms-2445\"><form id=\"wpforms-form-2445\" class=\"wpforms-validate wpforms-form wpforms-ajax-form\" data-formid=\"2445\" method=\"post\" enctype=\"multipart\/form-data\" action=\"\/fr\/wp-json\/wp\/v2\/pages\/2432\" data-token=\"f06c8e514699688472dcd029f0de41b7\" data-token-time=\"1776416942\" data-trp-original-action=\"\/fr\/wp-json\/wp\/v2\/pages\/2432\"><noscript class=\"wpforms-error-noscript\">Veuillez activer JavaScript dans votre navigateur pour remplir ce formulaire.<\/noscript><div id=\"wpforms-error-noscript\" style=\"display: none;\">Veuillez activer JavaScript dans votre navigateur pour remplir ce formulaire.<\/div><div class=\"wpforms-field-container\"><div id=\"wpforms-2445-field_1-container\" class=\"wpforms-field wpforms-field-name\" data-field-type=\"name\" data-field-id=\"1\"><fieldset><legend class=\"wpforms-field-label\">Name <span class=\"wpforms-required-label\" aria-hidden=\"true\">*<\/span><\/legend><div class=\"wpforms-field-row wpforms-field-medium\"><div class=\"wpforms-field-row-block wpforms-first wpforms-one-half\"><input type=\"text\" id=\"wpforms-2445-field_1\" class=\"wpforms-field-name-first wpforms-field-required\" name=\"wpforms[fields][1][first]\" aria-errormessage=\"wpforms-2445-field_1-error\" required><label for=\"wpforms-2445-field_1\" class=\"wpforms-field-sublabel after\">Pr\u00e9nom<\/label><\/div><div class=\"wpforms-field-row-block wpforms-one-half\"><input type=\"text\" id=\"wpforms-2445-field_1-last\" class=\"wpforms-field-name-last wpforms-field-required\" name=\"wpforms[fields][1][last]\" aria-errormessage=\"wpforms-2445-field_1-last-error\" required><label for=\"wpforms-2445-field_1-last\" class=\"wpforms-field-sublabel after\">Nom<\/label><\/div><\/div><\/fieldset><\/div>\t\t<div id=\"wpforms-2445-field_3-container\"\n\t\t\tclass=\"wpforms-field wpforms-field-text\"\n\t\t\tdata-field-type=\"text\"\n\t\t\tdata-field-id=\"3\"\n\t\t\t>\n\t\t\t<label class=\"wpforms-field-label\" for=\"wpforms-2445-field_3\" >Phone Name Email<\/label>\n\t\t\t<input type=\"text\" id=\"wpforms-2445-field_3\" class=\"wpforms-field-medium\" name=\"wpforms[fields][3]\" >\n\t\t<\/div>\n\t\t<div id=\"wpforms-2445-field_2-container\" class=\"wpforms-field wpforms-field-email\" data-field-type=\"email\" data-field-id=\"2\"><label class=\"wpforms-field-label\" for=\"wpforms-2445-field_2\">Email <span class=\"wpforms-required-label\" aria-hidden=\"true\">*<\/span><\/label><input type=\"email\" id=\"wpforms-2445-field_2\" class=\"wpforms-field-medium wpforms-field-required\" name=\"wpforms[fields][2]\" spellcheck=\"false\" aria-errormessage=\"wpforms-2445-field_2-error\" required><\/div><div id=\"wpforms-2445-field_4-container\" class=\"wpforms-field wpforms-field-phone\" data-field-type=\"phone\" data-field-id=\"4\"><label class=\"wpforms-field-label\" for=\"wpforms-2445-field_4\">Phone <span class=\"wpforms-required-label\" aria-hidden=\"true\">*<\/span><\/label><input type=\"tel\" id=\"wpforms-2445-field_4\" class=\"wpforms-field-medium wpforms-field-required wpforms-smart-phone-field\" data-rule-smart-phone-field=\"true\" name=\"wpforms[fields][4]\" aria-label=\"Phone\" aria-errormessage=\"wpforms-2445-field_4-error\" required><\/div><script>\n\t\t\t\t( function() {\n\t\t\t\t\tconst style = document.createElement( 'style' );\n\t\t\t\t\tstyle.appendChild( document.createTextNode( '#wpforms-2445-field_3-container { position: absolute !important; overflow: hidden !important; display: inline !important; height: 1px !important; width: 1px !important; z-index: -1000 !important; padding: 0 !important; } #wpforms-2445-field_3-container input { visibility: hidden; } #wpforms-conversational-form-page #wpforms-2445-field_3-container label { counter-increment: none; }' ) );\n\t\t\t\t\tdocument.head.appendChild( style );\n\t\t\t\t\tdocument.currentScript?.remove();\n\t\t\t\t} )();\n\t\t\t<\/script><\/div><!-- .wpforms-field-container --><div class=\"wpforms-submit-container\" ><input type=\"hidden\" name=\"wpforms[id]\" value=\"2445\"><input type=\"hidden\" name=\"page_title\" value=\"\"><input type=\"hidden\" name=\"page_url\" value=\"https:\/\/www.technofounders.com\/fr\/wp-json\/wp\/v2\/pages\/2432\"><input type=\"hidden\" name=\"url_referer\" value=\"\"><button type=\"submit\" name=\"wpforms[submit]\" id=\"wpforms-submit-2445\" class=\"wpforms-submit\" data-alt-text=\"Processing...\" data-submit-text=\"Next\" aria-live=\"assertive\" value=\"wpforms-submit\">Next<\/button><img decoding=\"async\" src=\"https:\/\/www.technofounders.com\/wp-content\/plugins\/wpforms\/assets\/images\/submit-spin.svg\" class=\"wpforms-submit-spinner\" style=\"display: none;\" width=\"26\" height=\"26\" alt=\"Chargement en cours\"><\/div><input type=\"hidden\" name=\"trp-form-language\" value=\"fr\"\/><\/form><\/div>  <!-- .wpforms-container -->\t\t\t\t<\/div>\n\t\t\t\t<\/div>\n\t\t\t\t<div class=\"elementor-element elementor-element-5c7ee59 elementor-widget elementor-widget-html\" data-id=\"5c7ee59\" data-element_type=\"widget\" data-e-type=\"widget\" data-widget_type=\"html.default\">\n\t\t\t\t<div class=\"elementor-widget-container\">\n\t\t\t\t\t<script>\r\ndocument.addEventListener('wpformsAjaxSubmitSuccess', function(event, formData) {\r\n    const params = new URLSearchParams(window.location.search);\r\n    const redirect = params.get('redirect');\r\n\r\n    if (redirect) {\r\n        window.location.href = redirect;\r\n    }\r\n});\r\n<\/script>\t\t\t\t<\/div>\n\t\t\t\t<\/div>\n\t\t\t\t<\/div>\n\t\t\t\t<\/div>\n\t\t<div class=\"elementor-element elementor-element-1dcc609 e-con-full e-flex e-con e-child\" data-id=\"1dcc609\" data-element_type=\"container\" data-e-type=\"container\" data-settings=\"{&quot;background_background&quot;:&quot;classic&quot;}\">\n\t\t\t\t<\/div>\n\t\t\t\t<\/div>\n\t\t\t\t<\/div>","protected":false},"excerpt":{"rendered":"<p>Request Access You already have an account ? Please sign-in here. Please enable JavaScript in your browser to complete this form.Please enable JavaScript in your browser to complete this form. Name * FirstLast Email *Phone Next<\/p>","protected":false},"author":1,"featured_media":0,"parent":0,"menu_order":0,"comment_status":"closed","ping_status":"closed","template":"","meta":{"footnotes":""},"class_list":["post-2432","page","type-page","status-publish","hentry"],"yoast_head":"<!-- This site is optimized with the Yoast SEO plugin v22.8 - https:\/\/yoast.com\/wordpress\/plugins\/seo\/ -->\n<title>signup - Technofounders<\/title>\n<meta name=\"robots\" content=\"index, follow, max-snippet:-1, max-image-preview:large, max-video-preview:-1\" \/>\n<link rel=\"canonical\" href=\"https:\/\/www.technofounders.com\/fr\/signup-2\/\" \/>\n<meta property=\"og:locale\" content=\"fr_FR\" \/>\n<meta property=\"og:type\" content=\"article\" \/>\n<meta property=\"og:title\" content=\"signup - Technofounders\" \/>\n<meta property=\"og:description\" content=\"Request Access You already have an account ? Please sign-in here. Please enable JavaScript in your browser to complete this form.Please enable JavaScript in your browser to complete this form. Name * FirstLast Email *Phone Next\" \/>\n<meta property=\"og:url\" content=\"https:\/\/www.technofounders.com\/fr\/signup-2\/\" \/>\n<meta property=\"og:site_name\" content=\"Technofounders\" \/>\n<meta property=\"article:modified_time\" content=\"2026-02-23T10:27:09+00:00\" \/>\n<meta property=\"og:image\" content=\"https:\/\/www.technofounders.com\/wp-content\/plugins\/wpforms\/assets\/images\/submit-spin.svg\" \/>\n<meta name=\"twitter:card\" content=\"summary_large_image\" \/>\n<meta name=\"twitter:label1\" content=\"Dur\u00e9e de lecture estim\u00e9e\" \/>\n\t<meta name=\"twitter:data1\" content=\"1 minute\" \/>\n<script type=\"application\/ld+json\" class=\"yoast-schema-graph\">{\"@context\":\"https:\/\/schema.org\",\"@graph\":[{\"@type\":\"WebPage\",\"@id\":\"https:\/\/www.technofounders.com\/signup-2\/\",\"url\":\"https:\/\/www.technofounders.com\/signup-2\/\",\"name\":\"signup - Technofounders\",\"isPartOf\":{\"@id\":\"https:\/\/dhlfteac.elementor.cloud\/#website\"},\"primaryImageOfPage\":{\"@id\":\"https:\/\/www.technofounders.com\/signup-2\/#primaryimage\"},\"image\":{\"@id\":\"https:\/\/www.technofounders.com\/signup-2\/#primaryimage\"},\"thumbnailUrl\":\"https:\/\/www.technofounders.com\/wp-content\/plugins\/wpforms\/assets\/images\/submit-spin.svg\",\"datePublished\":\"2026-02-04T17:25:47+00:00\",\"dateModified\":\"2026-02-23T10:27:09+00:00\",\"breadcrumb\":{\"@id\":\"https:\/\/www.technofounders.com\/signup-2\/#breadcrumb\"},\"inLanguage\":\"fr-FR\",\"potentialAction\":[{\"@type\":\"ReadAction\",\"target\":[\"https:\/\/www.technofounders.com\/signup-2\/\"]}]},{\"@type\":\"ImageObject\",\"inLanguage\":\"fr-FR\",\"@id\":\"https:\/\/www.technofounders.com\/signup-2\/#primaryimage\",\"url\":\"https:\/\/www.technofounders.com\/wp-content\/plugins\/wpforms\/assets\/images\/submit-spin.svg\",\"contentUrl\":\"https:\/\/www.technofounders.com\/wp-content\/plugins\/wpforms\/assets\/images\/submit-spin.svg\"},{\"@type\":\"BreadcrumbList\",\"@id\":\"https:\/\/www.technofounders.com\/signup-2\/#breadcrumb\",\"itemListElement\":[{\"@type\":\"ListItem\",\"position\":1,\"name\":\"Home\",\"item\":\"https:\/\/www.technofounders.com\/\"},{\"@type\":\"ListItem\",\"position\":2,\"name\":\"signup\"}]},{\"@type\":\"WebSite\",\"@id\":\"https:\/\/dhlfteac.elementor.cloud\/#website\",\"url\":\"https:\/\/dhlfteac.elementor.cloud\/\",\"name\":\"Technofounders\",\"description\":\"Technofounders est le Venture Builder d\u00e9di\u00e9 aux startups deeptech industrielles \u00e0 impact soci\u00e9tal et environnemental positif.\",\"publisher\":{\"@id\":\"https:\/\/dhlfteac.elementor.cloud\/#organization\"},\"potentialAction\":[{\"@type\":\"SearchAction\",\"target\":{\"@type\":\"EntryPoint\",\"urlTemplate\":\"https:\/\/dhlfteac.elementor.cloud\/?s={search_term_string}\"},\"query-input\":\"required name=search_term_string\"}],\"inLanguage\":\"fr-FR\"},{\"@type\":\"Organization\",\"@id\":\"https:\/\/dhlfteac.elementor.cloud\/#organization\",\"name\":\"Technofounders\",\"url\":\"https:\/\/dhlfteac.elementor.cloud\/\",\"logo\":{\"@type\":\"ImageObject\",\"inLanguage\":\"fr-FR\",\"@id\":\"https:\/\/dhlfteac.elementor.cloud\/#\/schema\/logo\/image\/\",\"url\":\"https:\/\/www.technofounders.com\/wp-content\/uploads\/2024\/06\/TECHNOFOUNDERS_logo-noir.svg\",\"contentUrl\":\"https:\/\/www.technofounders.com\/wp-content\/uploads\/2024\/06\/TECHNOFOUNDERS_logo-noir.svg\",\"width\":554,\"height\":83,\"caption\":\"Technofounders\"},\"image\":{\"@id\":\"https:\/\/dhlfteac.elementor.cloud\/#\/schema\/logo\/image\/\"},\"sameAs\":[\"https:\/\/www.linkedin.com\/company\/9253707\"]}]}<\/script>\n<!-- \/ Yoast SEO plugin. -->","yoast_head_json":{"title":"signup - Technofounders","robots":{"index":"index","follow":"follow","max-snippet":"max-snippet:-1","max-image-preview":"max-image-preview:large","max-video-preview":"max-video-preview:-1"},"canonical":"https:\/\/www.technofounders.com\/fr\/signup-2\/","og_locale":"fr_FR","og_type":"article","og_title":"signup - Technofounders","og_description":"Request Access You already have an account ? Please sign-in here. Please enable JavaScript in your browser to complete this form.Please enable JavaScript in your browser to complete this form. Name * FirstLast Email *Phone Next","og_url":"https:\/\/www.technofounders.com\/fr\/signup-2\/","og_site_name":"Technofounders","article_modified_time":"2026-02-23T10:27:09+00:00","og_image":[{"url":"https:\/\/www.technofounders.com\/wp-content\/plugins\/wpforms\/assets\/images\/submit-spin.svg"}],"twitter_card":"summary_large_image","twitter_misc":{"Dur\u00e9e de lecture estim\u00e9e":"1 minute"},"schema":{"@context":"https:\/\/schema.org","@graph":[{"@type":"WebPage","@id":"https:\/\/www.technofounders.com\/signup-2\/","url":"https:\/\/www.technofounders.com\/signup-2\/","name":"signup - Technofounders","isPartOf":{"@id":"https:\/\/dhlfteac.elementor.cloud\/#website"},"primaryImageOfPage":{"@id":"https:\/\/www.technofounders.com\/signup-2\/#primaryimage"},"image":{"@id":"https:\/\/www.technofounders.com\/signup-2\/#primaryimage"},"thumbnailUrl":"https:\/\/www.technofounders.com\/wp-content\/plugins\/wpforms\/assets\/images\/submit-spin.svg","datePublished":"2026-02-04T17:25:47+00:00","dateModified":"2026-02-23T10:27:09+00:00","breadcrumb":{"@id":"https:\/\/www.technofounders.com\/signup-2\/#breadcrumb"},"inLanguage":"fr-FR","potentialAction":[{"@type":"ReadAction","target":["https:\/\/www.technofounders.com\/signup-2\/"]}]},{"@type":"ImageObject","inLanguage":"fr-FR","@id":"https:\/\/www.technofounders.com\/signup-2\/#primaryimage","url":"https:\/\/www.technofounders.com\/wp-content\/plugins\/wpforms\/assets\/images\/submit-spin.svg","contentUrl":"https:\/\/www.technofounders.com\/wp-content\/plugins\/wpforms\/assets\/images\/submit-spin.svg"},{"@type":"BreadcrumbList","@id":"https:\/\/www.technofounders.com\/signup-2\/#breadcrumb","itemListElement":[{"@type":"ListItem","position":1,"name":"Home","item":"https:\/\/www.technofounders.com\/"},{"@type":"ListItem","position":2,"name":"signup"}]},{"@type":"WebSite","@id":"https:\/\/dhlfteac.elementor.cloud\/#website","url":"https:\/\/dhlfteac.elementor.cloud\/","name":"Technofounders","description":"Technofounders est le Venture Builder d\u00e9di\u00e9 aux startups deeptech industrielles \u00e0 impact soci\u00e9tal et environnemental positif.","publisher":{"@id":"https:\/\/dhlfteac.elementor.cloud\/#organization"},"potentialAction":[{"@type":"SearchAction","target":{"@type":"EntryPoint","urlTemplate":"https:\/\/dhlfteac.elementor.cloud\/?s={search_term_string}"},"query-input":"required name=search_term_string"}],"inLanguage":"fr-FR"},{"@type":"Organization","@id":"https:\/\/dhlfteac.elementor.cloud\/#organization","name":"Technofounders","url":"https:\/\/dhlfteac.elementor.cloud\/","logo":{"@type":"ImageObject","inLanguage":"fr-FR","@id":"https:\/\/dhlfteac.elementor.cloud\/#\/schema\/logo\/image\/","url":"https:\/\/www.technofounders.com\/wp-content\/uploads\/2024\/06\/TECHNOFOUNDERS_logo-noir.svg","contentUrl":"https:\/\/www.technofounders.com\/wp-content\/uploads\/2024\/06\/TECHNOFOUNDERS_logo-noir.svg","width":554,"height":83,"caption":"Technofounders"},"image":{"@id":"https:\/\/dhlfteac.elementor.cloud\/#\/schema\/logo\/image\/"},"sameAs":["https:\/\/www.linkedin.com\/company\/9253707"]}]}},"_links":{"self":[{"href":"https:\/\/www.technofounders.com\/fr\/wp-json\/wp\/v2\/pages\/2432","targetHints":{"allow":["GET"]}}],"collection":[{"href":"https:\/\/www.technofounders.com\/fr\/wp-json\/wp\/v2\/pages"}],"about":[{"href":"https:\/\/www.technofounders.com\/fr\/wp-json\/wp\/v2\/types\/page"}],"author":[{"embeddable":true,"href":"https:\/\/www.technofounders.com\/fr\/wp-json\/wp\/v2\/users\/1"}],"replies":[{"embeddable":true,"href":"https:\/\/www.technofounders.com\/fr\/wp-json\/wp\/v2\/comments?post=2432"}],"version-history":[{"count":25,"href":"https:\/\/www.technofounders.com\/fr\/wp-json\/wp\/v2\/pages\/2432\/revisions"}],"predecessor-version":[{"id":2598,"href":"https:\/\/www.technofounders.com\/fr\/wp-json\/wp\/v2\/pages\/2432\/revisions\/2598"}],"wp:attachment":[{"href":"https:\/\/www.technofounders.com\/fr\/wp-json\/wp\/v2\/media?parent=2432"}],"curies":[{"name":"wp","href":"https:\/\/api.w.org\/{rel}","templated":true}]}}