{"id":2531,"date":"2026-02-18T16:00:54","date_gmt":"2026-02-18T16:00:54","guid":{"rendered":"https:\/\/www.technofounders.com\/?page_id=2531"},"modified":"2026-02-25T11:05:19","modified_gmt":"2026-02-25T11:05:19","slug":"request-a-meeting","status":"publish","type":"page","link":"https:\/\/www.technofounders.com\/fr\/request-a-meeting\/","title":{"rendered":"Request a meeting"},"content":{"rendered":"<div data-elementor-type=\"wp-page\" data-elementor-id=\"2531\" class=\"elementor elementor-2531\" data-elementor-post-type=\"page\">\n\t\t\t\t<div class=\"elementor-element elementor-element-f9dbfec e-con-full e-flex e-con e-parent\" data-id=\"f9dbfec\" data-element_type=\"container\" data-e-type=\"container\">\n\t\t<div class=\"elementor-element elementor-element-7d9b747 e-con-full e-flex e-con e-child\" data-id=\"7d9b747\" data-element_type=\"container\" data-e-type=\"container\" data-settings=\"{&quot;background_background&quot;:&quot;classic&quot;}\">\n\t\t<div class=\"elementor-element elementor-element-ba13678 e-con-full e-flex e-con e-child\" data-id=\"ba13678\" data-element_type=\"container\" data-e-type=\"container\">\n\t\t\t\t<div class=\"elementor-element elementor-element-030c498 elementor-widget elementor-widget-heading\" data-id=\"030c498\" data-element_type=\"widget\" data-e-type=\"widget\" data-widget_type=\"heading.default\">\n\t\t\t\t<div class=\"elementor-widget-container\">\n\t\t\t\t\t<h1 class=\"elementor-heading-title elementor-size-default\">Start<\/h1>\t\t\t\t<\/div>\n\t\t\t\t<\/div>\n\t\t\t\t<div class=\"elementor-element elementor-element-0b57f48 elementor-widget elementor-widget-heading\" data-id=\"0b57f48\" data-element_type=\"widget\" data-e-type=\"widget\" data-widget_type=\"heading.default\">\n\t\t\t\t<div class=\"elementor-widget-container\">\n\t\t\t\t\t<h1 class=\"elementor-heading-title elementor-size-default\">Investing<\/h1>\t\t\t\t<\/div>\n\t\t\t\t<\/div>\n\t\t\t\t<\/div>\n\t\t<div class=\"elementor-element elementor-element-63232b3 e-con-full e-flex e-con e-child\" data-id=\"63232b3\" data-element_type=\"container\" data-e-type=\"container\">\n\t\t\t\t<div class=\"elementor-element elementor-element-fd9af12 elementor-widget elementor-widget-text-editor\" data-id=\"fd9af12\" data-element_type=\"widget\" data-e-type=\"widget\" data-widget_type=\"text-editor.default\">\n\t\t\t\t<div class=\"elementor-widget-container\">\n\t\t\t\t\t\t\t\t\t<p>Thank you for your interest, please let us know a bit more about you and schedule a meeting together.<\/p>\t\t\t\t\t\t\t\t<\/div>\n\t\t\t\t<\/div>\n\t\t\t\t<div class=\"elementor-element elementor-element-977e6ad elementor-widget elementor-widget-wpforms\" data-id=\"977e6ad\" data-element_type=\"widget\" data-e-type=\"widget\" data-widget_type=\"wpforms.default\">\n\t\t\t\t<div class=\"elementor-widget-container\">\n\t\t\t\t\t<style id=\"wpforms-css-vars-elementor-widget-977e6ad\">\n\t\t\t\t.elementor-widget-wpforms.elementor-element-977e6ad {\n\t\t\t\t--wpforms-field-border-color: #cbcacb;\n--wpforms-field-border-color-spare: #cbcacb;\n--wpforms-field-text-color: #2e2c2e;\n--wpforms-label-color: #2e2c2e;\n--wpforms-label-sublabel-color: #969596;\n--wpforms-label-error-color: #d63636;\n--wpforms-button-background-color: #2e2c2f;\n--wpforms-button-border-color: #cccccc;\n--wpforms-button-text-color: #eaeaea;\n--wpforms-page-break-color: #2e2c2f;\n\t\t\t}\n\t\t\t<\/style><div class=\"wpforms-container wpforms-container-full wpforms-render-modern\" id=\"wpforms-2523\"><form id=\"wpforms-form-2523\" class=\"wpforms-validate wpforms-form wpforms-ajax-form\" data-formid=\"2523\" method=\"post\" enctype=\"multipart\/form-data\" action=\"\/fr\/wp-json\/wp\/v2\/pages\/2531\" data-token=\"5fa1650ae14129ca2e8eb49d5cffd1c8\" data-token-time=\"1775806400\" data-trp-original-action=\"\/fr\/wp-json\/wp\/v2\/pages\/2531\"><noscript class=\"wpforms-error-noscript\">Veuillez activer JavaScript dans votre navigateur pour remplir ce formulaire.<\/noscript><div id=\"wpforms-error-noscript\" style=\"display: none;\">Veuillez activer JavaScript dans votre navigateur pour remplir ce formulaire.<\/div><div class=\"wpforms-field-container\"><div id=\"wpforms-2523-field_10-container\" class=\"wpforms-field wpforms-field-hidden\" data-field-type=\"hidden\" data-field-id=\"10\"><input type=\"hidden\" id=\"wpforms-2523-field_10\" name=\"wpforms[fields][10]\" value=\"investisseur\"><\/div><div id=\"wpforms-2523-field_11-container\" class=\"wpforms-field wpforms-field-hidden\" data-field-type=\"hidden\" data-field-id=\"11\"><input type=\"hidden\" id=\"wpforms-2523-field_11\" name=\"wpforms[fields][11]\" value=\"MQL\"><\/div><div id=\"wpforms-2523-field_12-container\" class=\"wpforms-field wpforms-field-hidden\" data-field-type=\"hidden\" data-field-id=\"12\"><input type=\"hidden\" id=\"wpforms-2523-field_12\" name=\"wpforms[fields][12]\" value=\"Site Vitrine\"><\/div><div id=\"wpforms-2523-field_17-container\" class=\"wpforms-field wpforms-field-name\" data-field-type=\"name\" data-field-id=\"17\"><fieldset><legend class=\"wpforms-field-label\">Name <span class=\"wpforms-required-label\" aria-hidden=\"true\">*<\/span><\/legend><div class=\"wpforms-field-row wpforms-field-medium\"><div class=\"wpforms-field-row-block wpforms-first wpforms-one-half\"><input type=\"text\" id=\"wpforms-2523-field_17\" class=\"wpforms-field-name-first wpforms-field-required\" name=\"wpforms[fields][17][first]\" aria-errormessage=\"wpforms-2523-field_17-error\" required><label for=\"wpforms-2523-field_17\" class=\"wpforms-field-sublabel after\">Pr\u00e9nom<\/label><\/div><div class=\"wpforms-field-row-block wpforms-one-half\"><input type=\"text\" id=\"wpforms-2523-field_17-last\" class=\"wpforms-field-name-last wpforms-field-required\" name=\"wpforms[fields][17][last]\" aria-errormessage=\"wpforms-2523-field_17-last-error\" required><label for=\"wpforms-2523-field_17-last\" class=\"wpforms-field-sublabel after\">Nom<\/label><\/div><\/div><\/fieldset><\/div><div id=\"wpforms-2523-field_16-container\" class=\"wpforms-field wpforms-field-email\" data-field-type=\"email\" data-field-id=\"16\"><label class=\"wpforms-field-label\" for=\"wpforms-2523-field_16\">Email <span class=\"wpforms-required-label\" aria-hidden=\"true\">*<\/span><\/label><input type=\"email\" id=\"wpforms-2523-field_16\" class=\"wpforms-field-medium wpforms-field-required\" name=\"wpforms[fields][16]\" spellcheck=\"false\" aria-errormessage=\"wpforms-2523-field_16-error\" required><\/div><div id=\"wpforms-2523-field_1-container\" class=\"wpforms-field wpforms-field-select wpforms-field-select-style-classic\" data-field-type=\"select\" data-field-id=\"1\"><label class=\"wpforms-field-label\" for=\"wpforms-2523-field_1\">What is your projected investment capacity ? <span class=\"wpforms-required-label\" aria-hidden=\"true\">*<\/span><\/label><select id=\"wpforms-2523-field_1\" class=\"wpforms-field-medium wpforms-field-required\" name=\"wpforms[fields][1]\" required=\"required\"><option value=\"\" class=\"placeholder\" disabled selected='selected'>--- Select Choice ---<\/option><option value=\"I&#039;m not sure yet\"  class=\"choice-1 depth-1\"  >I'm not sure yet<\/option><option value=\"20k\u20ac to 100k\u20ac\"  class=\"choice-2 depth-1\"  >20k\u20ac to 100k\u20ac<\/option><option value=\"Above 100k\u20ac\"  class=\"choice-4 depth-1\"  >Above 100k\u20ac<\/option><\/select><\/div>\t\t<div id=\"wpforms-2523-field_2-container\"\n\t\t\tclass=\"wpforms-field wpforms-field-text\"\n\t\t\tdata-field-type=\"text\"\n\t\t\tdata-field-id=\"2\"\n\t\t\t>\n\t\t\t<label class=\"wpforms-field-label\" for=\"wpforms-2523-field_2\" >your source your<\/label>\n\t\t\t<input type=\"text\" id=\"wpforms-2523-field_2\" class=\"wpforms-field-medium\" name=\"wpforms[fields][2]\" >\n\t\t<\/div>\n\t\t<div id=\"wpforms-2523-field_3-container\" class=\"wpforms-field wpforms-field-radio wpforms-list-inline\" data-field-type=\"radio\" data-field-id=\"3\"><fieldset><legend class=\"wpforms-field-label\">What are your investment focus ? <span class=\"wpforms-required-label\" aria-hidden=\"true\">*<\/span><\/legend><ul id=\"wpforms-2523-field_3\" class=\"wpforms-field-required\"><li class=\"choice-1 depth-1\"><input type=\"radio\" id=\"wpforms-2523-field_3_1\" name=\"wpforms[fields][3]\" value=\"Diversified Deeptech\" aria-errormessage=\"wpforms-2523-field_3_1-error\" required><label class=\"wpforms-field-label-inline\" for=\"wpforms-2523-field_3_1\">Diversified Deeptech<\/label><\/li><li class=\"choice-2 depth-1\"><input type=\"radio\" id=\"wpforms-2523-field_3_2\" name=\"wpforms[fields][3]\" value=\"Health\" aria-errormessage=\"wpforms-2523-field_3_2-error\" required><label class=\"wpforms-field-label-inline\" for=\"wpforms-2523-field_3_2\">Sant\u00e9<\/label><\/li><li class=\"choice-3 depth-1\"><input type=\"radio\" id=\"wpforms-2523-field_3_3\" name=\"wpforms[fields][3]\" value=\"Industry\" aria-errormessage=\"wpforms-2523-field_3_3-error\" required><label class=\"wpforms-field-label-inline\" for=\"wpforms-2523-field_3_3\">Industry<\/label><\/li><li class=\"choice-4 depth-1\"><input type=\"radio\" id=\"wpforms-2523-field_3_4\" name=\"wpforms[fields][3]\" value=\"Defense\" aria-errormessage=\"wpforms-2523-field_3_4-error\" required><label class=\"wpforms-field-label-inline\" for=\"wpforms-2523-field_3_4\">Defense<\/label><\/li><\/ul><\/fieldset><\/div><div id=\"wpforms-2523-field_4-container\" class=\"wpforms-field wpforms-field-checkbox\" data-field-type=\"checkbox\" data-field-id=\"4\"><fieldset><legend class=\"wpforms-field-label\">Investment experience<\/legend><ul id=\"wpforms-2523-field_4\"><li class=\"choice-1 depth-1\"><input type=\"checkbox\" id=\"wpforms-2523-field_4_1\" name=\"wpforms[fields][4][]\" value=\"I am able to invest \u20ac100,000 or more and I agree to be considered an informed investor.\" aria-errormessage=\"wpforms-2523-field_4_1-error\"  ><label class=\"wpforms-field-label-inline\" for=\"wpforms-2523-field_4_1\">I am able to invest \u20ac100,000 or more and I agree to be considered an informed investor.<\/label><\/li><\/ul><\/fieldset><\/div><script>\n\t\t\t\t( function() {\n\t\t\t\t\tconst style = document.createElement( 'style' );\n\t\t\t\t\tstyle.appendChild( document.createTextNode( '#wpforms-2523-field_2-container { position: absolute !important; overflow: hidden !important; display: inline !important; height: 1px !important; width: 1px !important; z-index: -1000 !important; padding: 0 !important; } #wpforms-2523-field_2-container input { visibility: hidden; } #wpforms-conversational-form-page #wpforms-2523-field_2-container label { counter-increment: none; }' ) );\n\t\t\t\t\tdocument.head.appendChild( style );\n\t\t\t\t\tdocument.currentScript?.remove();\n\t\t\t\t} )();\n\t\t\t<\/script><\/div><!-- .wpforms-field-container --><div class=\"wpforms-submit-container\" ><input type=\"hidden\" name=\"wpforms[id]\" value=\"2523\"><input type=\"hidden\" name=\"page_title\" value=\"\"><input type=\"hidden\" name=\"page_url\" value=\"https:\/\/www.technofounders.com\/fr\/wp-json\/wp\/v2\/pages\/2531\"><input type=\"hidden\" name=\"url_referer\" value=\"\"><button type=\"submit\" name=\"wpforms[submit]\" id=\"wpforms-submit-2523\" class=\"wpforms-submit\" data-alt-text=\"Processing...\" data-submit-text=\"Book a meeting\" aria-live=\"assertive\" value=\"wpforms-submit\">Book a meeting<\/button><img decoding=\"async\" src=\"https:\/\/www.technofounders.com\/wp-content\/plugins\/wpforms\/assets\/images\/submit-spin.svg\" class=\"wpforms-submit-spinner\" style=\"display: none;\" width=\"26\" height=\"26\" alt=\"Chargement en cours\"><\/div><input type=\"hidden\" name=\"trp-form-language\" value=\"fr\"\/><\/form><\/div>  <!-- .wpforms-container -->\t\t\t\t<\/div>\n\t\t\t\t<\/div>\n\t\t\t\t<\/div>\n\t\t\t\t<\/div>\n\t\t<div class=\"elementor-element elementor-element-54ed822 e-con-full e-flex e-con e-child\" data-id=\"54ed822\" data-element_type=\"container\" data-e-type=\"container\" data-settings=\"{&quot;background_background&quot;:&quot;classic&quot;}\">\n\t\t\t\t<\/div>\n\t\t\t\t<\/div>\n\t\t\t\t<\/div>","protected":false},"excerpt":{"rendered":"<p>Start Investing Thank you for your interest, please let us know a bit more about you and schedule a meeting together. Please enable JavaScript in your browser to complete this form.Please enable JavaScript in your browser to complete this form. Name * FirstLast Email *What is your projected investment capacity ? *&#8212; Select Choice &#8212;I&#8217;m [&hellip;]<\/p>","protected":false},"author":1,"featured_media":0,"parent":0,"menu_order":0,"comment_status":"closed","ping_status":"closed","template":"","meta":{"footnotes":""},"class_list":["post-2531","page","type-page","status-publish","hentry"],"yoast_head":"<!-- This site is optimized with the Yoast SEO plugin v22.8 - https:\/\/yoast.com\/wordpress\/plugins\/seo\/ -->\n<title>Request a meeting - Technofounders<\/title>\n<meta name=\"robots\" content=\"index, follow, max-snippet:-1, max-image-preview:large, max-video-preview:-1\" \/>\n<link rel=\"canonical\" href=\"https:\/\/www.technofounders.com\/fr\/request-a-meeting\/\" \/>\n<meta property=\"og:locale\" content=\"fr_FR\" \/>\n<meta property=\"og:type\" content=\"article\" \/>\n<meta property=\"og:title\" content=\"Request a meeting - Technofounders\" \/>\n<meta property=\"og:description\" content=\"Start Investing Thank you for your interest, please let us know a bit more about you and schedule a meeting together. Please enable JavaScript in your browser to complete this form.Please enable JavaScript in your browser to complete this form. Name * FirstLast Email *What is your projected investment capacity ? *&#8212; Select Choice &#8212;I&#8217;m [&hellip;]\" \/>\n<meta property=\"og:url\" content=\"https:\/\/www.technofounders.com\/fr\/request-a-meeting\/\" \/>\n<meta property=\"og:site_name\" content=\"Technofounders\" \/>\n<meta property=\"article:modified_time\" content=\"2026-02-25T11:05:19+00:00\" \/>\n<meta property=\"og:image\" content=\"https:\/\/www.technofounders.com\/wp-content\/plugins\/wpforms\/assets\/images\/submit-spin.svg\" \/>\n<meta name=\"twitter:card\" content=\"summary_large_image\" \/>\n<meta name=\"twitter:label1\" content=\"Dur\u00e9e de lecture estim\u00e9e\" \/>\n\t<meta name=\"twitter:data1\" content=\"1 minute\" \/>\n<script type=\"application\/ld+json\" class=\"yoast-schema-graph\">{\"@context\":\"https:\/\/schema.org\",\"@graph\":[{\"@type\":\"WebPage\",\"@id\":\"https:\/\/www.technofounders.com\/request-a-meeting\/\",\"url\":\"https:\/\/www.technofounders.com\/request-a-meeting\/\",\"name\":\"Request a meeting - Technofounders\",\"isPartOf\":{\"@id\":\"https:\/\/dhlfteac.elementor.cloud\/#website\"},\"primaryImageOfPage\":{\"@id\":\"https:\/\/www.technofounders.com\/request-a-meeting\/#primaryimage\"},\"image\":{\"@id\":\"https:\/\/www.technofounders.com\/request-a-meeting\/#primaryimage\"},\"thumbnailUrl\":\"https:\/\/www.technofounders.com\/wp-content\/plugins\/wpforms\/assets\/images\/submit-spin.svg\",\"datePublished\":\"2026-02-18T16:00:54+00:00\",\"dateModified\":\"2026-02-25T11:05:19+00:00\",\"breadcrumb\":{\"@id\":\"https:\/\/www.technofounders.com\/request-a-meeting\/#breadcrumb\"},\"inLanguage\":\"fr-FR\",\"potentialAction\":[{\"@type\":\"ReadAction\",\"target\":[\"https:\/\/www.technofounders.com\/request-a-meeting\/\"]}]},{\"@type\":\"ImageObject\",\"inLanguage\":\"fr-FR\",\"@id\":\"https:\/\/www.technofounders.com\/request-a-meeting\/#primaryimage\",\"url\":\"https:\/\/www.technofounders.com\/wp-content\/plugins\/wpforms\/assets\/images\/submit-spin.svg\",\"contentUrl\":\"https:\/\/www.technofounders.com\/wp-content\/plugins\/wpforms\/assets\/images\/submit-spin.svg\"},{\"@type\":\"BreadcrumbList\",\"@id\":\"https:\/\/www.technofounders.com\/request-a-meeting\/#breadcrumb\",\"itemListElement\":[{\"@type\":\"ListItem\",\"position\":1,\"name\":\"Home\",\"item\":\"https:\/\/www.technofounders.com\/\"},{\"@type\":\"ListItem\",\"position\":2,\"name\":\"Request a meeting\"}]},{\"@type\":\"WebSite\",\"@id\":\"https:\/\/dhlfteac.elementor.cloud\/#website\",\"url\":\"https:\/\/dhlfteac.elementor.cloud\/\",\"name\":\"Technofounders\",\"description\":\"Technofounders est le Venture Builder d\u00e9di\u00e9 aux startups deeptech industrielles \u00e0 impact soci\u00e9tal et environnemental positif.\",\"publisher\":{\"@id\":\"https:\/\/dhlfteac.elementor.cloud\/#organization\"},\"potentialAction\":[{\"@type\":\"SearchAction\",\"target\":{\"@type\":\"EntryPoint\",\"urlTemplate\":\"https:\/\/dhlfteac.elementor.cloud\/?s={search_term_string}\"},\"query-input\":\"required name=search_term_string\"}],\"inLanguage\":\"fr-FR\"},{\"@type\":\"Organization\",\"@id\":\"https:\/\/dhlfteac.elementor.cloud\/#organization\",\"name\":\"Technofounders\",\"url\":\"https:\/\/dhlfteac.elementor.cloud\/\",\"logo\":{\"@type\":\"ImageObject\",\"inLanguage\":\"fr-FR\",\"@id\":\"https:\/\/dhlfteac.elementor.cloud\/#\/schema\/logo\/image\/\",\"url\":\"https:\/\/www.technofounders.com\/wp-content\/uploads\/2024\/06\/TECHNOFOUNDERS_logo-noir.svg\",\"contentUrl\":\"https:\/\/www.technofounders.com\/wp-content\/uploads\/2024\/06\/TECHNOFOUNDERS_logo-noir.svg\",\"width\":554,\"height\":83,\"caption\":\"Technofounders\"},\"image\":{\"@id\":\"https:\/\/dhlfteac.elementor.cloud\/#\/schema\/logo\/image\/\"},\"sameAs\":[\"https:\/\/www.linkedin.com\/company\/9253707\"]}]}<\/script>\n<!-- \/ Yoast SEO plugin. -->","yoast_head_json":{"title":"Request a meeting - Technofounders","robots":{"index":"index","follow":"follow","max-snippet":"max-snippet:-1","max-image-preview":"max-image-preview:large","max-video-preview":"max-video-preview:-1"},"canonical":"https:\/\/www.technofounders.com\/fr\/request-a-meeting\/","og_locale":"fr_FR","og_type":"article","og_title":"Request a meeting - Technofounders","og_description":"Start Investing Thank you for your interest, please let us know a bit more about you and schedule a meeting together. Please enable JavaScript in your browser to complete this form.Please enable JavaScript in your browser to complete this form. Name * FirstLast Email *What is your projected investment capacity ? *&#8212; Select Choice &#8212;I&#8217;m [&hellip;]","og_url":"https:\/\/www.technofounders.com\/fr\/request-a-meeting\/","og_site_name":"Technofounders","article_modified_time":"2026-02-25T11:05:19+00:00","og_image":[{"url":"https:\/\/www.technofounders.com\/wp-content\/plugins\/wpforms\/assets\/images\/submit-spin.svg"}],"twitter_card":"summary_large_image","twitter_misc":{"Dur\u00e9e de lecture estim\u00e9e":"1 minute"},"schema":{"@context":"https:\/\/schema.org","@graph":[{"@type":"WebPage","@id":"https:\/\/www.technofounders.com\/request-a-meeting\/","url":"https:\/\/www.technofounders.com\/request-a-meeting\/","name":"Request a meeting - Technofounders","isPartOf":{"@id":"https:\/\/dhlfteac.elementor.cloud\/#website"},"primaryImageOfPage":{"@id":"https:\/\/www.technofounders.com\/request-a-meeting\/#primaryimage"},"image":{"@id":"https:\/\/www.technofounders.com\/request-a-meeting\/#primaryimage"},"thumbnailUrl":"https:\/\/www.technofounders.com\/wp-content\/plugins\/wpforms\/assets\/images\/submit-spin.svg","datePublished":"2026-02-18T16:00:54+00:00","dateModified":"2026-02-25T11:05:19+00:00","breadcrumb":{"@id":"https:\/\/www.technofounders.com\/request-a-meeting\/#breadcrumb"},"inLanguage":"fr-FR","potentialAction":[{"@type":"ReadAction","target":["https:\/\/www.technofounders.com\/request-a-meeting\/"]}]},{"@type":"ImageObject","inLanguage":"fr-FR","@id":"https:\/\/www.technofounders.com\/request-a-meeting\/#primaryimage","url":"https:\/\/www.technofounders.com\/wp-content\/plugins\/wpforms\/assets\/images\/submit-spin.svg","contentUrl":"https:\/\/www.technofounders.com\/wp-content\/plugins\/wpforms\/assets\/images\/submit-spin.svg"},{"@type":"BreadcrumbList","@id":"https:\/\/www.technofounders.com\/request-a-meeting\/#breadcrumb","itemListElement":[{"@type":"ListItem","position":1,"name":"Home","item":"https:\/\/www.technofounders.com\/"},{"@type":"ListItem","position":2,"name":"Request a meeting"}]},{"@type":"WebSite","@id":"https:\/\/dhlfteac.elementor.cloud\/#website","url":"https:\/\/dhlfteac.elementor.cloud\/","name":"Technofounders","description":"Technofounders est le Venture Builder d\u00e9di\u00e9 aux startups deeptech industrielles \u00e0 impact soci\u00e9tal et environnemental positif.","publisher":{"@id":"https:\/\/dhlfteac.elementor.cloud\/#organization"},"potentialAction":[{"@type":"SearchAction","target":{"@type":"EntryPoint","urlTemplate":"https:\/\/dhlfteac.elementor.cloud\/?s={search_term_string}"},"query-input":"required name=search_term_string"}],"inLanguage":"fr-FR"},{"@type":"Organization","@id":"https:\/\/dhlfteac.elementor.cloud\/#organization","name":"Technofounders","url":"https:\/\/dhlfteac.elementor.cloud\/","logo":{"@type":"ImageObject","inLanguage":"fr-FR","@id":"https:\/\/dhlfteac.elementor.cloud\/#\/schema\/logo\/image\/","url":"https:\/\/www.technofounders.com\/wp-content\/uploads\/2024\/06\/TECHNOFOUNDERS_logo-noir.svg","contentUrl":"https:\/\/www.technofounders.com\/wp-content\/uploads\/2024\/06\/TECHNOFOUNDERS_logo-noir.svg","width":554,"height":83,"caption":"Technofounders"},"image":{"@id":"https:\/\/dhlfteac.elementor.cloud\/#\/schema\/logo\/image\/"},"sameAs":["https:\/\/www.linkedin.com\/company\/9253707"]}]}},"_links":{"self":[{"href":"https:\/\/www.technofounders.com\/fr\/wp-json\/wp\/v2\/pages\/2531","targetHints":{"allow":["GET"]}}],"collection":[{"href":"https:\/\/www.technofounders.com\/fr\/wp-json\/wp\/v2\/pages"}],"about":[{"href":"https:\/\/www.technofounders.com\/fr\/wp-json\/wp\/v2\/types\/page"}],"author":[{"embeddable":true,"href":"https:\/\/www.technofounders.com\/fr\/wp-json\/wp\/v2\/users\/1"}],"replies":[{"embeddable":true,"href":"https:\/\/www.technofounders.com\/fr\/wp-json\/wp\/v2\/comments?post=2531"}],"version-history":[{"count":16,"href":"https:\/\/www.technofounders.com\/fr\/wp-json\/wp\/v2\/pages\/2531\/revisions"}],"predecessor-version":[{"id":2653,"href":"https:\/\/www.technofounders.com\/fr\/wp-json\/wp\/v2\/pages\/2531\/revisions\/2653"}],"wp:attachment":[{"href":"https:\/\/www.technofounders.com\/fr\/wp-json\/wp\/v2\/media?parent=2531"}],"curies":[{"name":"wp","href":"https:\/\/api.w.org\/{rel}","templated":true}]}}